{"id":4,"date":"2026-01-17T14:28:46","date_gmt":"2026-01-17T14:28:46","guid":{"rendered":"https:\/\/atrative.com.br\/?page_id=4"},"modified":"2026-01-17T14:28:46","modified_gmt":"2026-01-17T14:28:46","slug":"pagina-temporaria-site-original","status":"publish","type":"page","link":"https:\/\/atrative.com.br\/?page_id=4","title":{"rendered":"P\u00e1gina Tempor\u00e1ria &#8211; Site Original"},"content":{"rendered":"<p><!DOCTYPE html><html lang=\"pt-br\"><head><meta http-equiv=\"Content-Type\" content=\"text\/html; charset=iso-8859-1\" \/><meta name=\"description\" content=\"Atrative cria\u00e7\u00e3o de sites, atualiza\u00e7\u00e3o de sites e manuten\u00e7\u00e3o, desenvolvimento de sites, p\u00e1ginas na Internet, design de logomarca, impress\u00e3o gr\u00e1fica e digital de folders, propaganda e publicidade. Marketing para com\u00e9rcio eletr\u00f4nico, Marketing Digital, Websites Corporativos, Identidade Visual, cadastro em sites de busca. Joinville Santa Catarina\" \/><meta name=\"keywords\" content=\"SITES,CRIA\u00c7\u00c3O DE SITE,GERENCIAMENTO DE CONTE\u00daDO,CRIA\u00c7\u00c3O DE SITES,INSCRI\u00c7\u00c3O ON-LINE,CRIA\u00c7\u00c3O DE WEBSITES,E-MAIL MARKETING,CRIA\u00c7\u00c3O DE WEBSITE,SOLU\u00c7\u00d5ES VIRTUAIS,COM\u00c9RCIO ELETR\u00d4NICO,LOJA VIRTUAL,VENDER NA INTERNET,manuten\u00e7\u00e3o de sites consultoria web marketing na internet web design internet cria\u00e7ao divulga\u00e7ao web sites home pages conteudo comunica\u00e7ao agencia publicidade propaganda online cadastramento cadastro sites de busca conquistar clientes negocios online downloads ferramentas web marketing newsletter tecnologia da informa\u00e7ao campanha publicitaria webmarketing marketing na internet web design internet  publicidade propaganda web conteudo online comunicacao divulga\u00e7ao de sites download newsletter campanha publicitaria informa\u00e7\u00e3o cria\u00e7\u00e3o de sites\" \/><meta name=\"title\" content=\"Atrative | Desenvolvimento de Websites | Ag\u00eancia de Internet\" \/><meta name=\"abstract\" content=\"Desenvolvimento de websites, Cria\u00e7\u00e3o de sites, solu\u00e7\u00f5es em comercio eletronico, campanhas de marketing digital e publicidade na internet, cadastro e divulga\u00e7ao sites de busca cria\u00e7\u00e3o de sites manuten\u00e7\u00e3o de sites consultoria web marketing na internet web design internet cria\u00e7ao divulga\u00e7ao web sites home pages conteudo comunica\u00e7ao agencia publicidade propaganda online cadastramento cadastro sites de busca conquistar clientes negocios online downloads ferramentas web marketing newsletter tecnologia da informa\u00e7ao campanha publicitaria webmarketing marketing na internet web design internet  publicidade propaganda web conteudo online comunicacao divulga\u00e7ao de sites download newsletter campanha publicitaria informa\u00e7\u00e3o cria\u00e7\u00e3o de sites\" \/><meta name=\"comment\" content=\"Planejamento de estrategias e solucoes em web marketing, publicidade online e web design cria\u00e7\u00e3o de sites.\" \/><meta name=\"document-classification\" content=\"Cria\u00e7\u00e3o de Sites Joinville\" \/><meta name=\"classification\" content=\"Internet\" \/><meta name=\"Rating\" content=\"General\" \/><meta name=\"Revisit-after\" content=\"daily\" \/><meta name=\"Updated\" content=\"daily\" \/><meta name=\"Distribution\" content=\"Global\" \/><meta name=\"ObjectType\" content=\"Document\" \/><meta name=\"Robots\" content=\"ALL\" \/><meta name=\"Publisher\" content=\"ATRATIVE.COM.BR\" \/><meta name=\"Audience\" content=\"ALL\" \/><meta name=\"Author\" content=\"Text\/notepad (TKMSA;JBH1) [Netscape, MSIE,AOL, Mosaic]\" \/><meta name=\"Search Engines\" content=\"AltaVista, AOLNet, Infoseek, Excite, Hotbot, Lycos, Magellan, LookSmart, CNET\" \/><meta name=\"copyright\" content=\"Atrative Comunica\u00e7\u00e3o\" \/><title>Atrative | Desenvolvimento de Websites | Cria\u00e7\u00e3o de Sites<\/title><link rel=\"shortcut icon\" href=\"https:\/\/www.atrative.com.br\/2013\/images\/favicon.png\" type=\"image\/ico\" \/><link rel=\"stylesheet\" href=\"https:\/\/www.atrative.com.br\/2013\/css\/style.css\"\/><script type=\"text\/javascript\" src=\"https:\/\/www.atrative.com.br\/2013\/js\/jquery.min.js\"><\/script><script type=\"text\/javascript\" src=\"https:\/\/www.atrative.com.br\/2013\/js\/cufon-yui.js\"><\/script><script type=\"text\/javascript\" src=\"https:\/\/www.atrative.com.br\/2013\/js\/Avenir_LT_35_Light_400.font.js\"><\/script><script type=\"text\/javascript\">\tCufon.replace('.contato');<\/script><script type=\"text\/javascript\" src=\"https:\/\/www.atrative.com.br\/2013\/js\/jquery.queryloader2.js\"><\/script><script type=\"text\/javascript\" src=\"https:\/\/www.atrative.com.br\/2013\/js\/script.js\"><\/script><\/head><body>\t<\/p>\n<div id=\"atrative\" class=\"fadeIn fadeIn-2s fadeIn-Delay-2s\">\n<h1>Atrative Comunica\u00e7\u00e3o<\/h1>\n<p><center>        <\/p>\n<p class=\"contato\">        \t<a title=\"Enviar email\" href=\"mailto:comercial@atrative.com.br\">comercial@atrative.com.br<\/a><\/p>\n<p>            <img decoding=\"async\" alt=\"fone\" class=\"icone-fone\" src=\"https:\/\/www.atrative.com.br\/2013\/images\/icon-phone.png\" \/>            <a href=\"tel:+5547991582170\">+55 47 99158.2170<\/a><\/p>\n<p><\/center>    <\/div>\n<p><\/body><\/html><\/p>\n","protected":false},"excerpt":{"rendered":"<p>Atrative | Desenvolvimento de Websites | Cria\u00e7\u00e3o de Sites Atrative Comunica\u00e7\u00e3o comercial@atrative.com.br +55 47 99158.2170<\/p>\n","protected":false},"author":1,"featured_media":0,"parent":0,"menu_order":0,"comment_status":"closed","ping_status":"closed","template":"","meta":{"footnotes":""},"class_list":["post-4","page","type-page","status-publish","hentry"],"_links":{"self":[{"href":"https:\/\/atrative.com.br\/index.php?rest_route=\/wp\/v2\/pages\/4","targetHints":{"allow":["GET"]}}],"collection":[{"href":"https:\/\/atrative.com.br\/index.php?rest_route=\/wp\/v2\/pages"}],"about":[{"href":"https:\/\/atrative.com.br\/index.php?rest_route=\/wp\/v2\/types\/page"}],"author":[{"embeddable":true,"href":"https:\/\/atrative.com.br\/index.php?rest_route=\/wp\/v2\/users\/1"}],"replies":[{"embeddable":true,"href":"https:\/\/atrative.com.br\/index.php?rest_route=%2Fwp%2Fv2%2Fcomments&post=4"}],"version-history":[{"count":0,"href":"https:\/\/atrative.com.br\/index.php?rest_route=\/wp\/v2\/pages\/4\/revisions"}],"wp:attachment":[{"href":"https:\/\/atrative.com.br\/index.php?rest_route=%2Fwp%2Fv2%2Fmedia&parent=4"}],"curies":[{"name":"wp","href":"https:\/\/api.w.org\/{rel}","templated":true}]}}